{"id":30,"date":"2023-08-11T07:43:24","date_gmt":"2023-08-11T07:43:24","guid":{"rendered":"https:\/\/starweld.cz\/?page_id=30"},"modified":"2025-07-07T14:19:35","modified_gmt":"2025-07-07T14:19:35","slug":"domu","status":"publish","type":"page","link":"https:\/\/starweld.cz\/","title":{"rendered":"Dom\u016f"},"content":{"rendered":"\n<p>Mobiln\u00ed oprava ulo\u017een\u00ed \u010dep\u016f a otvor\u016f pro lo\u017eiska p\u0159\u00edmo u z\u00e1kazn\u00edka (\u00d8 35\u2013400 mm) Fotogalerii oprav m\u016f\u017eete vid\u011bt <a rel=\"noreferrer noopener\" href=\"https:\/\/www.instagram.com\/starweld.cz\/\" target=\"_blank\">zde<\/a><\/p>\n","protected":false},"excerpt":{"rendered":"<p>Mobiln\u00ed oprava ulo\u017een\u00ed \u010dep\u016f a otvor\u016f pro lo\u017eiska p\u0159\u00edmo u z\u00e1kazn\u00edka (\u00d8 35\u2013400 mm) Fotogalerii oprav m\u016f\u017eete vid\u011bt zde<\/p>\n","protected":false},"author":1,"featured_media":0,"parent":0,"menu_order":0,"comment_status":"closed","ping_status":"closed","template":"","meta":{"footnotes":""},"class_list":["post-30","page","type-page","status-publish","hentry"],"_links":{"self":[{"href":"https:\/\/starweld.cz\/index.php\/wp-json\/wp\/v2\/pages\/30","targetHints":{"allow":["GET"]}}],"collection":[{"href":"https:\/\/starweld.cz\/index.php\/wp-json\/wp\/v2\/pages"}],"about":[{"href":"https:\/\/starweld.cz\/index.php\/wp-json\/wp\/v2\/types\/page"}],"author":[{"embeddable":true,"href":"https:\/\/starweld.cz\/index.php\/wp-json\/wp\/v2\/users\/1"}],"replies":[{"embeddable":true,"href":"https:\/\/starweld.cz\/index.php\/wp-json\/wp\/v2\/comments?post=30"}],"version-history":[{"count":4,"href":"https:\/\/starweld.cz\/index.php\/wp-json\/wp\/v2\/pages\/30\/revisions"}],"predecessor-version":[{"id":82,"href":"https:\/\/starweld.cz\/index.php\/wp-json\/wp\/v2\/pages\/30\/revisions\/82"}],"wp:attachment":[{"href":"https:\/\/starweld.cz\/index.php\/wp-json\/wp\/v2\/media?parent=30"}],"curies":[{"name":"wp","href":"https:\/\/api.w.org\/{rel}","templated":true}]}}